{"id":620,"date":"2025-04-10T15:12:51","date_gmt":"2025-04-10T13:12:51","guid":{"rendered":"https:\/\/pfst.sowi-design.de\/?page_id=620"},"modified":"2025-04-10T15:14:06","modified_gmt":"2025-04-10T13:14:06","slug":"foerderantraege","status":"publish","type":"page","link":"https:\/\/pfst.sowi-design.de\/index.php\/foerderantraege\/","title":{"rendered":"F\u00f6rderantr\u00e4ge"},"content":{"rendered":"\t\t<div data-elementor-type=\"wp-page\" data-elementor-id=\"620\" class=\"elementor elementor-620\">\n\t\t\t\t<div class=\"elementor-element elementor-element-a7972c1 e-flex e-con-boxed e-con e-parent\" data-id=\"a7972c1\" data-element_type=\"container\" data-e-type=\"container\">\n\t\t\t\t\t<div class=\"e-con-inner\">\n\t\t\t\t<div class=\"elementor-element elementor-element-342c313 elementor-widget elementor-widget-text-editor\" data-id=\"342c313\" data-element_type=\"widget\" data-e-type=\"widget\" data-widget_type=\"text-editor.default\">\n\t\t\t\t<div class=\"elementor-widget-container\">\n\t\t\t\t\t\t\t\t\t<h1>F\u00f6rderantr\u00e4ge<\/h1><div dir=\"auto\"><p style=\"font-weight: 400;\">Die Stiftung nimmt gerne F\u00f6rderantr\u00e4ge entgegen.<\/p><p style=\"font-weight: 400;\">Beachten Sie vor <strong>Antragstellung<\/strong> bitte die F\u00f6rderrichtlinien der Stiftung, die Sie nachfolgend herunterladen k\u00f6nnen.<\/p><\/div>\t\t\t\t\t\t\t\t<\/div>\n\t\t\t\t<\/div>\n\t\t\t\t<div class=\"elementor-element elementor-element-c451d1c elementor-widget elementor-widget-button\" data-id=\"c451d1c\" data-element_type=\"widget\" data-e-type=\"widget\" data-widget_type=\"button.default\">\n\t\t\t\t<div class=\"elementor-widget-container\">\n\t\t\t\t\t\t\t\t\t<div class=\"elementor-button-wrapper\">\n\t\t\t\t\t<a class=\"elementor-button elementor-button-link elementor-size-sm\" href=\"https:\/\/pfst.sowi-design.de\/wp-content\/uploads\/2025\/04\/Pfeiffer-Stiftung_Foerderrichtlinien_202307.p-df.pdf\" target=\"_blank\">\n\t\t\t\t\t\t<span class=\"elementor-button-content-wrapper\">\n\t\t\t\t\t\t<span class=\"elementor-button-icon\">\n\t\t\t\t<svg aria-hidden=\"true\" class=\"e-font-icon-svg e-fas-file-pdf\" viewBox=\"0 0 384 512\" xmlns=\"http:\/\/www.w3.org\/2000\/svg\"><path d=\"M181.9 256.1c-5-16-4.9-46.9-2-46.9 8.4 0 7.6 36.9 2 46.9zm-1.7 47.2c-7.7 20.2-17.3 43.3-28.4 62.7 18.3-7 39-17.2 62.9-21.9-12.7-9.6-24.9-23.4-34.5-40.8zM86.1 428.1c0 .8 13.2-5.4 34.9-40.2-6.7 6.3-29.1 24.5-34.9 40.2zM248 160h136v328c0 13.3-10.7 24-24 24H24c-13.3 0-24-10.7-24-24V24C0 10.7 10.7 0 24 0h200v136c0 13.2 10.8 24 24 24zm-8 171.8c-20-12.2-33.3-29-42.7-53.8 4.5-18.5 11.6-46.6 6.2-64.2-4.7-29.4-42.4-26.5-47.8-6.8-5 18.3-.4 44.1 8.1 77-11.6 27.6-28.7 64.6-40.8 85.8-.1 0-.1.1-.2.1-27.1 13.9-73.6 44.5-54.5 68 5.6 6.9 16 10 21.5 10 17.9 0 35.7-18 61.1-61.8 25.8-8.5 54.1-19.1 79-23.2 21.7 11.8 47.1 19.5 64 19.5 29.2 0 31.2-32 19.7-43.4-13.9-13.6-54.3-9.7-73.6-7.2zM377 105L279 7c-4.5-4.5-10.6-7-17-7h-6v128h128v-6.1c0-6.3-2.5-12.4-7-16.9zm-74.1 255.3c4.1-2.7-2.5-11.9-42.8-9 37.1 15.8 42.8 9 42.8 9z\"><\/path><\/svg>\t\t\t<\/span>\n\t\t\t\t\t\t\t\t\t<span class=\"elementor-button-text\">F\u00f6rderrichtlinien<\/span>\n\t\t\t\t\t<\/span>\n\t\t\t\t\t<\/a>\n\t\t\t\t<\/div>\n\t\t\t\t\t\t\t\t<\/div>\n\t\t\t\t<\/div>\n\t\t\t\t<div class=\"elementor-element elementor-element-bef160f elementor-widget elementor-widget-button\" data-id=\"bef160f\" data-element_type=\"widget\" data-e-type=\"widget\" data-widget_type=\"button.default\">\n\t\t\t\t<div class=\"elementor-widget-container\">\n\t\t\t\t\t\t\t\t\t<div class=\"elementor-button-wrapper\">\n\t\t\t\t\t<a class=\"elementor-button elementor-button-link elementor-size-sm\" href=\"https:\/\/pfst.sowi-design.de\/wp-content\/uploads\/2025\/04\/Mitteleingangsbestaetigung.pdf\" target=\"_blank\">\n\t\t\t\t\t\t<span class=\"elementor-button-content-wrapper\">\n\t\t\t\t\t\t<span class=\"elementor-button-icon\">\n\t\t\t\t<svg aria-hidden=\"true\" class=\"e-font-icon-svg e-fas-file-pdf\" viewBox=\"0 0 384 512\" xmlns=\"http:\/\/www.w3.org\/2000\/svg\"><path d=\"M181.9 256.1c-5-16-4.9-46.9-2-46.9 8.4 0 7.6 36.9 2 46.9zm-1.7 47.2c-7.7 20.2-17.3 43.3-28.4 62.7 18.3-7 39-17.2 62.9-21.9-12.7-9.6-24.9-23.4-34.5-40.8zM86.1 428.1c0 .8 13.2-5.4 34.9-40.2-6.7 6.3-29.1 24.5-34.9 40.2zM248 160h136v328c0 13.3-10.7 24-24 24H24c-13.3 0-24-10.7-24-24V24C0 10.7 10.7 0 24 0h200v136c0 13.2 10.8 24 24 24zm-8 171.8c-20-12.2-33.3-29-42.7-53.8 4.5-18.5 11.6-46.6 6.2-64.2-4.7-29.4-42.4-26.5-47.8-6.8-5 18.3-.4 44.1 8.1 77-11.6 27.6-28.7 64.6-40.8 85.8-.1 0-.1.1-.2.1-27.1 13.9-73.6 44.5-54.5 68 5.6 6.9 16 10 21.5 10 17.9 0 35.7-18 61.1-61.8 25.8-8.5 54.1-19.1 79-23.2 21.7 11.8 47.1 19.5 64 19.5 29.2 0 31.2-32 19.7-43.4-13.9-13.6-54.3-9.7-73.6-7.2zM377 105L279 7c-4.5-4.5-10.6-7-17-7h-6v128h128v-6.1c0-6.3-2.5-12.4-7-16.9zm-74.1 255.3c4.1-2.7-2.5-11.9-42.8-9 37.1 15.8 42.8 9 42.8 9z\"><\/path><\/svg>\t\t\t<\/span>\n\t\t\t\t\t\t\t\t\t<span class=\"elementor-button-text\">Mittelempfangsbest\u00e4tigung<\/span>\n\t\t\t\t\t<\/span>\n\t\t\t\t\t<\/a>\n\t\t\t\t<\/div>\n\t\t\t\t\t\t\t\t<\/div>\n\t\t\t\t<\/div>\n\t\t\t\t<div class=\"elementor-element elementor-element-843ce9e elementor-widget elementor-widget-text-editor\" data-id=\"843ce9e\" data-element_type=\"widget\" data-e-type=\"widget\" data-widget_type=\"text-editor.default\">\n\t\t\t\t<div class=\"elementor-widget-container\">\n\t\t\t\t\t\t\t\t\t<div dir=\"auto\"><p>M\u00f6chten Sie f\u00fcr eine <strong>gemeinn\u00fctzige Organisation<\/strong> einen F\u00f6rderantrag stellen, beachten Sie bitte die Checkliste f\u00fcr die Antragstellung, die Sie nachfolgend herunterladen k\u00f6nnen.<\/p><\/div>\t\t\t\t\t\t\t\t<\/div>\n\t\t\t\t<\/div>\n\t\t\t\t<div class=\"elementor-element elementor-element-fdd8fbf elementor-widget elementor-widget-button\" data-id=\"fdd8fbf\" data-element_type=\"widget\" data-e-type=\"widget\" data-widget_type=\"button.default\">\n\t\t\t\t<div class=\"elementor-widget-container\">\n\t\t\t\t\t\t\t\t\t<div class=\"elementor-button-wrapper\">\n\t\t\t\t\t<a class=\"elementor-button elementor-button-link elementor-size-sm\" href=\"https:\/\/pfst.sowi-design.de\/wp-content\/uploads\/2025\/04\/Foerderantrag-Organisationen_Checkliste.pdf\" target=\"_blank\">\n\t\t\t\t\t\t<span class=\"elementor-button-content-wrapper\">\n\t\t\t\t\t\t<span class=\"elementor-button-icon\">\n\t\t\t\t<svg aria-hidden=\"true\" class=\"e-font-icon-svg e-fas-file-pdf\" viewBox=\"0 0 384 512\" xmlns=\"http:\/\/www.w3.org\/2000\/svg\"><path d=\"M181.9 256.1c-5-16-4.9-46.9-2-46.9 8.4 0 7.6 36.9 2 46.9zm-1.7 47.2c-7.7 20.2-17.3 43.3-28.4 62.7 18.3-7 39-17.2 62.9-21.9-12.7-9.6-24.9-23.4-34.5-40.8zM86.1 428.1c0 .8 13.2-5.4 34.9-40.2-6.7 6.3-29.1 24.5-34.9 40.2zM248 160h136v328c0 13.3-10.7 24-24 24H24c-13.3 0-24-10.7-24-24V24C0 10.7 10.7 0 24 0h200v136c0 13.2 10.8 24 24 24zm-8 171.8c-20-12.2-33.3-29-42.7-53.8 4.5-18.5 11.6-46.6 6.2-64.2-4.7-29.4-42.4-26.5-47.8-6.8-5 18.3-.4 44.1 8.1 77-11.6 27.6-28.7 64.6-40.8 85.8-.1 0-.1.1-.2.1-27.1 13.9-73.6 44.5-54.5 68 5.6 6.9 16 10 21.5 10 17.9 0 35.7-18 61.1-61.8 25.8-8.5 54.1-19.1 79-23.2 21.7 11.8 47.1 19.5 64 19.5 29.2 0 31.2-32 19.7-43.4-13.9-13.6-54.3-9.7-73.6-7.2zM377 105L279 7c-4.5-4.5-10.6-7-17-7h-6v128h128v-6.1c0-6.3-2.5-12.4-7-16.9zm-74.1 255.3c4.1-2.7-2.5-11.9-42.8-9 37.1 15.8 42.8 9 42.8 9z\"><\/path><\/svg>\t\t\t<\/span>\n\t\t\t\t\t\t\t\t\t<span class=\"elementor-button-text\">Checkliste - F\u00f6rderantrag Organisationen<\/span>\n\t\t\t\t\t<\/span>\n\t\t\t\t\t<\/a>\n\t\t\t\t<\/div>\n\t\t\t\t\t\t\t\t<\/div>\n\t\t\t\t<\/div>\n\t\t\t\t<div class=\"elementor-element elementor-element-bdb10b7 elementor-widget elementor-widget-text-editor\" data-id=\"bdb10b7\" data-element_type=\"widget\" data-e-type=\"widget\" data-widget_type=\"text-editor.default\">\n\t\t\t\t<div class=\"elementor-widget-container\">\n\t\t\t\t\t\t\t\t\t<div dir=\"auto\"><p>Wenn Sie als <strong>hilfsbed\u00fcrftige Einzelperson<\/strong> oder f\u00fcr eine hilfsbed\u00fcrftige Einzelperson einen Antrag stellen m\u00f6chten, beachten Sie bitte die Checkliste f\u00fcr die Antragstellung, die Sie nachfolgend herunterladen k\u00f6nnen.<\/p><\/div>\t\t\t\t\t\t\t\t<\/div>\n\t\t\t\t<\/div>\n\t\t\t\t<div class=\"elementor-element elementor-element-94c86ef elementor-widget elementor-widget-button\" data-id=\"94c86ef\" data-element_type=\"widget\" data-e-type=\"widget\" data-widget_type=\"button.default\">\n\t\t\t\t<div class=\"elementor-widget-container\">\n\t\t\t\t\t\t\t\t\t<div class=\"elementor-button-wrapper\">\n\t\t\t\t\t<a class=\"elementor-button elementor-button-link elementor-size-sm\" href=\"https:\/\/pfst.sowi-design.de\/wp-content\/uploads\/2025\/04\/Pfeiffer-Stiftung_Foerderrichtlinien_202307.p-df.pdf\" target=\"_blank\">\n\t\t\t\t\t\t<span class=\"elementor-button-content-wrapper\">\n\t\t\t\t\t\t<span class=\"elementor-button-icon\">\n\t\t\t\t<svg aria-hidden=\"true\" class=\"e-font-icon-svg e-fas-file-pdf\" viewBox=\"0 0 384 512\" xmlns=\"http:\/\/www.w3.org\/2000\/svg\"><path d=\"M181.9 256.1c-5-16-4.9-46.9-2-46.9 8.4 0 7.6 36.9 2 46.9zm-1.7 47.2c-7.7 20.2-17.3 43.3-28.4 62.7 18.3-7 39-17.2 62.9-21.9-12.7-9.6-24.9-23.4-34.5-40.8zM86.1 428.1c0 .8 13.2-5.4 34.9-40.2-6.7 6.3-29.1 24.5-34.9 40.2zM248 160h136v328c0 13.3-10.7 24-24 24H24c-13.3 0-24-10.7-24-24V24C0 10.7 10.7 0 24 0h200v136c0 13.2 10.8 24 24 24zm-8 171.8c-20-12.2-33.3-29-42.7-53.8 4.5-18.5 11.6-46.6 6.2-64.2-4.7-29.4-42.4-26.5-47.8-6.8-5 18.3-.4 44.1 8.1 77-11.6 27.6-28.7 64.6-40.8 85.8-.1 0-.1.1-.2.1-27.1 13.9-73.6 44.5-54.5 68 5.6 6.9 16 10 21.5 10 17.9 0 35.7-18 61.1-61.8 25.8-8.5 54.1-19.1 79-23.2 21.7 11.8 47.1 19.5 64 19.5 29.2 0 31.2-32 19.7-43.4-13.9-13.6-54.3-9.7-73.6-7.2zM377 105L279 7c-4.5-4.5-10.6-7-17-7h-6v128h128v-6.1c0-6.3-2.5-12.4-7-16.9zm-74.1 255.3c4.1-2.7-2.5-11.9-42.8-9 37.1 15.8 42.8 9 42.8 9z\"><\/path><\/svg>\t\t\t<\/span>\n\t\t\t\t\t\t\t\t\t<span class=\"elementor-button-text\">Checkliste - F\u00f6rderantrag Einzelperson<\/span>\n\t\t\t\t\t<\/span>\n\t\t\t\t\t<\/a>\n\t\t\t\t<\/div>\n\t\t\t\t\t\t\t\t<\/div>\n\t\t\t\t<\/div>\n\t\t\t\t<div class=\"elementor-element elementor-element-95bc4f5 elementor-widget elementor-widget-text-editor\" data-id=\"95bc4f5\" data-element_type=\"widget\" data-e-type=\"widget\" data-widget_type=\"text-editor.default\">\n\t\t\t\t<div class=\"elementor-widget-container\">\n\t\t\t\t\t\t\t\t\t<div dir=\"auto\"><p>Senden Sie die F\u00f6rderantr\u00e4ge bitte an Herrn Dr. Renner vom Stiftungszentrum Stuttgart:\u00a0<a href=\"mailto:m.renner@stiftungszentrum-stuttgart.de\">m.renner@stiftungszentrum-stuttgart.de<\/a>. Herr Dr. Renner steht Ihnen auch f\u00fcr R\u00fcckfragen im Vorfeld der Antragstellung zur Verf\u00fcgung.<\/p><p>Bitte beachten Sie, dass die F\u00f6rderentscheidungen im Rahmen der regul\u00e4ren Sitzungen des Kuratoriums beraten und entschieden werden. Die Termine und entsprechenden Fristen k\u00f6nnen Sie gerne \u00fcber Herrn Dr. Renner erfragen.<\/p><\/div>\t\t\t\t\t\t\t\t<\/div>\n\t\t\t\t<\/div>\n\t\t\t\t\t<\/div>\n\t\t\t\t<\/div>\n\t\t\t\t<\/div>\n\t\t","protected":false},"excerpt":{"rendered":"<p>F\u00f6rderantr\u00e4ge Die Stiftung nimmt gerne F\u00f6rderantr\u00e4ge entgegen. Beachten Sie vor Antragstellung bitte die F\u00f6rderrichtlinien der Stiftung, die Sie nachfolgend herunterladen k\u00f6nnen. F\u00f6rderrichtlinien Mittelempfangsbest\u00e4tigung M\u00f6chten Sie f\u00fcr eine gemeinn\u00fctzige Organisation einen F\u00f6rderantrag stellen, beachten Sie bitte die Checkliste f\u00fcr die Antragstellung, die Sie nachfolgend herunterladen k\u00f6nnen. Checkliste &#8211; F\u00f6rderantrag Organisationen Wenn Sie als hilfsbed\u00fcrftige Einzelperson oder [&hellip;]<\/p>\n","protected":false},"author":1,"featured_media":0,"parent":0,"menu_order":0,"comment_status":"closed","ping_status":"closed","template":"","meta":{"ocean_post_layout":"","ocean_both_sidebars_style":"","ocean_both_sidebars_content_width":0,"ocean_both_sidebars_sidebars_width":0,"ocean_sidebar":"","ocean_second_sidebar":"","ocean_disable_margins":"enable","ocean_add_body_class":"","ocean_shortcode_before_top_bar":"","ocean_shortcode_after_top_bar":"","ocean_shortcode_before_header":"","ocean_shortcode_after_header":"","ocean_has_shortcode":"","ocean_shortcode_after_title":"","ocean_shortcode_before_footer_widgets":"","ocean_shortcode_after_footer_widgets":"","ocean_shortcode_before_footer_bottom":"","ocean_shortcode_after_footer_bottom":"","ocean_display_top_bar":"default","ocean_display_header":"default","ocean_header_style":"","ocean_center_header_left_menu":"","ocean_custom_header_template":"","ocean_custom_logo":0,"ocean_custom_retina_logo":0,"ocean_custom_logo_max_width":0,"ocean_custom_logo_tablet_max_width":0,"ocean_custom_logo_mobile_max_width":0,"ocean_custom_logo_max_height":0,"ocean_custom_logo_tablet_max_height":0,"ocean_custom_logo_mobile_max_height":0,"ocean_header_custom_menu":"","ocean_menu_typo_font_family":"","ocean_menu_typo_font_subset":"","ocean_menu_typo_font_size":0,"ocean_menu_typo_font_size_tablet":0,"ocean_menu_typo_font_size_mobile":0,"ocean_menu_typo_font_size_unit":"px","ocean_menu_typo_font_weight":"","ocean_menu_typo_font_weight_tablet":"","ocean_menu_typo_font_weight_mobile":"","ocean_menu_typo_transform":"","ocean_menu_typo_transform_tablet":"","ocean_menu_typo_transform_mobile":"","ocean_menu_typo_line_height":0,"ocean_menu_typo_line_height_tablet":0,"ocean_menu_typo_line_height_mobile":0,"ocean_menu_typo_line_height_unit":"","ocean_menu_typo_spacing":0,"ocean_menu_typo_spacing_tablet":0,"ocean_menu_typo_spacing_mobile":0,"ocean_menu_typo_spacing_unit":"","ocean_menu_link_color":"","ocean_menu_link_color_hover":"","ocean_menu_link_color_active":"","ocean_menu_link_background":"","ocean_menu_link_hover_background":"","ocean_menu_link_active_background":"","ocean_menu_social_links_bg":"","ocean_menu_social_hover_links_bg":"","ocean_menu_social_links_color":"","ocean_menu_social_hover_links_color":"","ocean_disable_title":"default","ocean_disable_heading":"default","ocean_post_title":"","ocean_post_subheading":"","ocean_post_title_style":"","ocean_post_title_background_color":"","ocean_post_title_background":0,"ocean_post_title_bg_image_position":"","ocean_post_title_bg_image_attachment":"","ocean_post_title_bg_image_repeat":"","ocean_post_title_bg_image_size":"","ocean_post_title_height":0,"ocean_post_title_bg_overlay":0.5,"ocean_post_title_bg_overlay_color":"","ocean_disable_breadcrumbs":"default","ocean_breadcrumbs_color":"","ocean_breadcrumbs_separator_color":"","ocean_breadcrumbs_links_color":"","ocean_breadcrumbs_links_hover_color":"","ocean_display_footer_widgets":"default","ocean_display_footer_bottom":"default","ocean_custom_footer_template":"","footnotes":""},"class_list":["post-620","page","type-page","status-publish","hentry","entry"],"yoast_head":"<!-- This site is optimized with the Yoast SEO plugin v27.2 - https:\/\/yoast.com\/product\/yoast-seo-wordpress\/ -->\n<title>F\u00f6rderantr\u00e4ge - Gabriele und Rainer Pfeiffer Stiftung<\/title>\n<meta name=\"robots\" content=\"index, follow, max-snippet:-1, max-image-preview:large, max-video-preview:-1\" \/>\n<link rel=\"canonical\" href=\"https:\/\/pfst.sowi-design.de\/index.php\/foerderantraege\/\" \/>\n<meta property=\"og:locale\" content=\"de_DE\" \/>\n<meta property=\"og:type\" content=\"article\" \/>\n<meta property=\"og:title\" content=\"F\u00f6rderantr\u00e4ge - Gabriele und Rainer Pfeiffer Stiftung\" \/>\n<meta property=\"og:description\" content=\"F\u00f6rderantr\u00e4ge Die Stiftung nimmt gerne F\u00f6rderantr\u00e4ge entgegen. Beachten Sie vor Antragstellung bitte die F\u00f6rderrichtlinien der Stiftung, die Sie nachfolgend herunterladen k\u00f6nnen. F\u00f6rderrichtlinien Mittelempfangsbest\u00e4tigung M\u00f6chten Sie f\u00fcr eine gemeinn\u00fctzige Organisation einen F\u00f6rderantrag stellen, beachten Sie bitte die Checkliste f\u00fcr die Antragstellung, die Sie nachfolgend herunterladen k\u00f6nnen. Checkliste &#8211; F\u00f6rderantrag Organisationen Wenn Sie als hilfsbed\u00fcrftige Einzelperson oder [&hellip;]\" \/>\n<meta property=\"og:url\" content=\"https:\/\/pfst.sowi-design.de\/index.php\/foerderantraege\/\" \/>\n<meta property=\"og:site_name\" content=\"Gabriele und Rainer Pfeiffer Stiftung\" \/>\n<meta property=\"article:modified_time\" content=\"2025-04-10T13:14:06+00:00\" \/>\n<meta name=\"twitter:card\" content=\"summary_large_image\" \/>\n<meta name=\"twitter:label1\" content=\"Gesch\u00e4tzte Lesezeit\" \/>\n\t<meta name=\"twitter:data1\" content=\"1\u00a0Minute\" \/>\n<script type=\"application\/ld+json\" class=\"yoast-schema-graph\">{\"@context\":\"https:\/\/schema.org\",\"@graph\":[{\"@type\":\"WebPage\",\"@id\":\"https:\/\/pfst.sowi-design.de\/index.php\/foerderantraege\/\",\"url\":\"https:\/\/pfst.sowi-design.de\/index.php\/foerderantraege\/\",\"name\":\"F\u00f6rderantr\u00e4ge - Gabriele und Rainer Pfeiffer Stiftung\",\"isPartOf\":{\"@id\":\"https:\/\/pfst.sowi-design.de\/#website\"},\"datePublished\":\"2025-04-10T13:12:51+00:00\",\"dateModified\":\"2025-04-10T13:14:06+00:00\",\"breadcrumb\":{\"@id\":\"https:\/\/pfst.sowi-design.de\/index.php\/foerderantraege\/#breadcrumb\"},\"inLanguage\":\"de\",\"potentialAction\":[{\"@type\":\"ReadAction\",\"target\":[\"https:\/\/pfst.sowi-design.de\/index.php\/foerderantraege\/\"]}]},{\"@type\":\"BreadcrumbList\",\"@id\":\"https:\/\/pfst.sowi-design.de\/index.php\/foerderantraege\/#breadcrumb\",\"itemListElement\":[{\"@type\":\"ListItem\",\"position\":1,\"name\":\"Startseite\",\"item\":\"https:\/\/pfst.sowi-design.de\/\"},{\"@type\":\"ListItem\",\"position\":2,\"name\":\"F\u00f6rderantr\u00e4ge\"}]},{\"@type\":\"WebSite\",\"@id\":\"https:\/\/pfst.sowi-design.de\/#website\",\"url\":\"https:\/\/pfst.sowi-design.de\/\",\"name\":\"Gabriele und Rainer Pfeiffer Stiftung\",\"description\":\"\",\"publisher\":{\"@id\":\"https:\/\/pfst.sowi-design.de\/#organization\"},\"potentialAction\":[{\"@type\":\"SearchAction\",\"target\":{\"@type\":\"EntryPoint\",\"urlTemplate\":\"https:\/\/pfst.sowi-design.de\/?s={search_term_string}\"},\"query-input\":{\"@type\":\"PropertyValueSpecification\",\"valueRequired\":true,\"valueName\":\"search_term_string\"}}],\"inLanguage\":\"de\"},{\"@type\":\"Organization\",\"@id\":\"https:\/\/pfst.sowi-design.de\/#organization\",\"name\":\"Gabriele und Rainer Pfeiffer Stiftung\",\"url\":\"https:\/\/pfst.sowi-design.de\/\",\"logo\":{\"@type\":\"ImageObject\",\"inLanguage\":\"de\",\"@id\":\"https:\/\/pfst.sowi-design.de\/#\/schema\/logo\/image\/\",\"url\":\"https:\/\/pfst.sowi-design.de\/wp-content\/uploads\/2024\/11\/pfst_Logo.png\",\"contentUrl\":\"https:\/\/pfst.sowi-design.de\/wp-content\/uploads\/2024\/11\/pfst_Logo.png\",\"width\":933,\"height\":267,\"caption\":\"Gabriele und Rainer Pfeiffer Stiftung\"},\"image\":{\"@id\":\"https:\/\/pfst.sowi-design.de\/#\/schema\/logo\/image\/\"}}]}<\/script>\n<!-- \/ Yoast SEO plugin. -->","yoast_head_json":{"title":"F\u00f6rderantr\u00e4ge - Gabriele und Rainer Pfeiffer Stiftung","robots":{"index":"index","follow":"follow","max-snippet":"max-snippet:-1","max-image-preview":"max-image-preview:large","max-video-preview":"max-video-preview:-1"},"canonical":"https:\/\/pfst.sowi-design.de\/index.php\/foerderantraege\/","og_locale":"de_DE","og_type":"article","og_title":"F\u00f6rderantr\u00e4ge - Gabriele und Rainer Pfeiffer Stiftung","og_description":"F\u00f6rderantr\u00e4ge Die Stiftung nimmt gerne F\u00f6rderantr\u00e4ge entgegen. Beachten Sie vor Antragstellung bitte die F\u00f6rderrichtlinien der Stiftung, die Sie nachfolgend herunterladen k\u00f6nnen. F\u00f6rderrichtlinien Mittelempfangsbest\u00e4tigung M\u00f6chten Sie f\u00fcr eine gemeinn\u00fctzige Organisation einen F\u00f6rderantrag stellen, beachten Sie bitte die Checkliste f\u00fcr die Antragstellung, die Sie nachfolgend herunterladen k\u00f6nnen. Checkliste &#8211; F\u00f6rderantrag Organisationen Wenn Sie als hilfsbed\u00fcrftige Einzelperson oder [&hellip;]","og_url":"https:\/\/pfst.sowi-design.de\/index.php\/foerderantraege\/","og_site_name":"Gabriele und Rainer Pfeiffer Stiftung","article_modified_time":"2025-04-10T13:14:06+00:00","twitter_card":"summary_large_image","twitter_misc":{"Gesch\u00e4tzte Lesezeit":"1\u00a0Minute"},"schema":{"@context":"https:\/\/schema.org","@graph":[{"@type":"WebPage","@id":"https:\/\/pfst.sowi-design.de\/index.php\/foerderantraege\/","url":"https:\/\/pfst.sowi-design.de\/index.php\/foerderantraege\/","name":"F\u00f6rderantr\u00e4ge - Gabriele und Rainer Pfeiffer Stiftung","isPartOf":{"@id":"https:\/\/pfst.sowi-design.de\/#website"},"datePublished":"2025-04-10T13:12:51+00:00","dateModified":"2025-04-10T13:14:06+00:00","breadcrumb":{"@id":"https:\/\/pfst.sowi-design.de\/index.php\/foerderantraege\/#breadcrumb"},"inLanguage":"de","potentialAction":[{"@type":"ReadAction","target":["https:\/\/pfst.sowi-design.de\/index.php\/foerderantraege\/"]}]},{"@type":"BreadcrumbList","@id":"https:\/\/pfst.sowi-design.de\/index.php\/foerderantraege\/#breadcrumb","itemListElement":[{"@type":"ListItem","position":1,"name":"Startseite","item":"https:\/\/pfst.sowi-design.de\/"},{"@type":"ListItem","position":2,"name":"F\u00f6rderantr\u00e4ge"}]},{"@type":"WebSite","@id":"https:\/\/pfst.sowi-design.de\/#website","url":"https:\/\/pfst.sowi-design.de\/","name":"Gabriele und Rainer Pfeiffer Stiftung","description":"","publisher":{"@id":"https:\/\/pfst.sowi-design.de\/#organization"},"potentialAction":[{"@type":"SearchAction","target":{"@type":"EntryPoint","urlTemplate":"https:\/\/pfst.sowi-design.de\/?s={search_term_string}"},"query-input":{"@type":"PropertyValueSpecification","valueRequired":true,"valueName":"search_term_string"}}],"inLanguage":"de"},{"@type":"Organization","@id":"https:\/\/pfst.sowi-design.de\/#organization","name":"Gabriele und Rainer Pfeiffer Stiftung","url":"https:\/\/pfst.sowi-design.de\/","logo":{"@type":"ImageObject","inLanguage":"de","@id":"https:\/\/pfst.sowi-design.de\/#\/schema\/logo\/image\/","url":"https:\/\/pfst.sowi-design.de\/wp-content\/uploads\/2024\/11\/pfst_Logo.png","contentUrl":"https:\/\/pfst.sowi-design.de\/wp-content\/uploads\/2024\/11\/pfst_Logo.png","width":933,"height":267,"caption":"Gabriele und Rainer Pfeiffer Stiftung"},"image":{"@id":"https:\/\/pfst.sowi-design.de\/#\/schema\/logo\/image\/"}}]}},"_links":{"self":[{"href":"https:\/\/pfst.sowi-design.de\/index.php\/wp-json\/wp\/v2\/pages\/620","targetHints":{"allow":["GET"]}}],"collection":[{"href":"https:\/\/pfst.sowi-design.de\/index.php\/wp-json\/wp\/v2\/pages"}],"about":[{"href":"https:\/\/pfst.sowi-design.de\/index.php\/wp-json\/wp\/v2\/types\/page"}],"author":[{"embeddable":true,"href":"https:\/\/pfst.sowi-design.de\/index.php\/wp-json\/wp\/v2\/users\/1"}],"replies":[{"embeddable":true,"href":"https:\/\/pfst.sowi-design.de\/index.php\/wp-json\/wp\/v2\/comments?post=620"}],"version-history":[{"count":13,"href":"https:\/\/pfst.sowi-design.de\/index.php\/wp-json\/wp\/v2\/pages\/620\/revisions"}],"predecessor-version":[{"id":638,"href":"https:\/\/pfst.sowi-design.de\/index.php\/wp-json\/wp\/v2\/pages\/620\/revisions\/638"}],"wp:attachment":[{"href":"https:\/\/pfst.sowi-design.de\/index.php\/wp-json\/wp\/v2\/media?parent=620"}],"curies":[{"name":"wp","href":"https:\/\/api.w.org\/{rel}","templated":true}]}}