{"id":111,"date":"2024-11-24T12:54:21","date_gmt":"2024-11-24T11:54:21","guid":{"rendered":"http:\/\/pfeiffer.sowidesign.de\/?page_id=111"},"modified":"2025-06-03T16:42:36","modified_gmt":"2025-06-03T14:42:36","slug":"spenden","status":"publish","type":"page","link":"https:\/\/pfst.sowi-design.de\/index.php\/spenden\/","title":{"rendered":"Spenden"},"content":{"rendered":"\t\t<div data-elementor-type=\"wp-page\" data-elementor-id=\"111\" class=\"elementor elementor-111\">\n\t\t\t\t<div class=\"elementor-element elementor-element-021e475 e-flex e-con-boxed e-con e-parent\" data-id=\"021e475\" data-element_type=\"container\" data-e-type=\"container\">\n\t\t\t\t\t<div class=\"e-con-inner\">\n\t\t\t\t<div class=\"elementor-element elementor-element-55fe2b5 elementor-widget elementor-widget-text-editor\" data-id=\"55fe2b5\" data-element_type=\"widget\" data-e-type=\"widget\" data-widget_type=\"text-editor.default\">\n\t\t\t\t<div class=\"elementor-widget-container\">\n\t\t\t\t\t\t\t\t\t<h1>Spenden<\/h1><div dir=\"auto\"><p>Wir freuen uns \u00fcber jede finanzielle Unterst\u00fctzung f\u00fcr unsere wichtigen Anliegen!<\/p><p><strong>Spendenkonto<\/strong><\/p><table class=\"table table-bordered downloads\"><tbody><tr><td>Bank<\/td><td colspan=\"4\">Landesbank Baden-W\u00fcrttemberg\/<br \/>Baden-W\u00fcrttembergische Bank<\/td><\/tr><tr><td>IBAN<\/td><td colspan=\"4\">DE32 6005 0101 0405 7900 56<\/td><\/tr><tr><td>BIC<\/td><td colspan=\"4\">SOLADEST600<\/td><\/tr><\/tbody><\/table><p>oder <strong>scannen<\/strong> Sie folgenden <strong>QR-Code<\/strong> einfach mit ihrer <strong>Banking-App<\/strong>.<\/p><\/div><div dir=\"auto\"><p><span style=\"caret-color: #ffffff; color: #ffffff; font-family: Arial, sans-serif; font-size: 14.6667px; font-style: normal; font-variant-caps: normal; font-weight: 400;\">DE32 6005 0101 0405 7900<\/span><span style=\"caret-color: #ffffff; color: #ffffff; font-family: Arial, sans-serif; font-size: 14.6667px; font-style: normal; font-variant-caps: normal; font-weight: 400;\">56<\/span><\/p><\/div>\t\t\t\t\t\t\t\t<\/div>\n\t\t\t\t<\/div>\n\t\t\t\t<div class=\"elementor-element elementor-element-ccffd8f elementor-widget elementor-widget-image\" data-id=\"ccffd8f\" data-element_type=\"widget\" data-e-type=\"widget\" data-widget_type=\"image.default\">\n\t\t\t\t<div class=\"elementor-widget-container\">\n\t\t\t\t\t\t\t\t\t\t\t\t\t\t\t<img fetchpriority=\"high\" decoding=\"async\" width=\"300\" height=\"300\" src=\"https:\/\/pfst.sowi-design.de\/wp-content\/uploads\/2025\/05\/pfst_banking_qr-code-300x300.png\" class=\"attachment-medium size-medium wp-image-642\" alt=\"\" srcset=\"https:\/\/pfst.sowi-design.de\/wp-content\/uploads\/2025\/05\/pfst_banking_qr-code-300x300.png 300w, https:\/\/pfst.sowi-design.de\/wp-content\/uploads\/2025\/05\/pfst_banking_qr-code-150x150.png 150w, https:\/\/pfst.sowi-design.de\/wp-content\/uploads\/2025\/05\/pfst_banking_qr-code.png 376w\" sizes=\"(max-width: 300px) 100vw, 300px\" \/>\t\t\t\t\t\t\t\t\t\t\t\t\t\t\t<\/div>\n\t\t\t\t<\/div>\n\t\t\t\t\t<\/div>\n\t\t\t\t<\/div>\n\t\t\t\t<\/div>\n\t\t","protected":false},"excerpt":{"rendered":"<p>Spenden Wir freuen uns \u00fcber jede finanzielle Unterst\u00fctzung f\u00fcr unsere wichtigen Anliegen! Spendenkonto Bank Landesbank Baden-W\u00fcrttemberg\/Baden-W\u00fcrttembergische Bank IBAN DE32 6005 0101 0405 7900 56 BIC SOLADEST600 oder scannen Sie folgenden QR-Code einfach mit ihrer Banking-App. DE32 6005 0101 0405 790056<\/p>\n","protected":false},"author":1,"featured_media":0,"parent":0,"menu_order":3,"comment_status":"closed","ping_status":"closed","template":"","meta":{"ocean_post_layout":"","ocean_both_sidebars_style":"","ocean_both_sidebars_content_width":0,"ocean_both_sidebars_sidebars_width":0,"ocean_sidebar":"","ocean_second_sidebar":"","ocean_disable_margins":"enable","ocean_add_body_class":"","ocean_shortcode_before_top_bar":"","ocean_shortcode_after_top_bar":"","ocean_shortcode_before_header":"","ocean_shortcode_after_header":"","ocean_has_shortcode":"","ocean_shortcode_after_title":"","ocean_shortcode_before_footer_widgets":"","ocean_shortcode_after_footer_widgets":"","ocean_shortcode_before_footer_bottom":"","ocean_shortcode_after_footer_bottom":"","ocean_display_top_bar":"default","ocean_display_header":"default","ocean_header_style":"","ocean_center_header_left_menu":"","ocean_custom_header_template":"","ocean_custom_logo":0,"ocean_custom_retina_logo":0,"ocean_custom_logo_max_width":0,"ocean_custom_logo_tablet_max_width":0,"ocean_custom_logo_mobile_max_width":0,"ocean_custom_logo_max_height":0,"ocean_custom_logo_tablet_max_height":0,"ocean_custom_logo_mobile_max_height":0,"ocean_header_custom_menu":"","ocean_menu_typo_font_family":"","ocean_menu_typo_font_subset":"","ocean_menu_typo_font_size":0,"ocean_menu_typo_font_size_tablet":0,"ocean_menu_typo_font_size_mobile":0,"ocean_menu_typo_font_size_unit":"px","ocean_menu_typo_font_weight":"","ocean_menu_typo_font_weight_tablet":"","ocean_menu_typo_font_weight_mobile":"","ocean_menu_typo_transform":"","ocean_menu_typo_transform_tablet":"","ocean_menu_typo_transform_mobile":"","ocean_menu_typo_line_height":0,"ocean_menu_typo_line_height_tablet":0,"ocean_menu_typo_line_height_mobile":0,"ocean_menu_typo_line_height_unit":"","ocean_menu_typo_spacing":0,"ocean_menu_typo_spacing_tablet":0,"ocean_menu_typo_spacing_mobile":0,"ocean_menu_typo_spacing_unit":"","ocean_menu_link_color":"","ocean_menu_link_color_hover":"","ocean_menu_link_color_active":"","ocean_menu_link_background":"","ocean_menu_link_hover_background":"","ocean_menu_link_active_background":"","ocean_menu_social_links_bg":"","ocean_menu_social_hover_links_bg":"","ocean_menu_social_links_color":"","ocean_menu_social_hover_links_color":"","ocean_disable_title":"default","ocean_disable_heading":"default","ocean_post_title":"","ocean_post_subheading":"","ocean_post_title_style":"","ocean_post_title_background_color":"","ocean_post_title_background":0,"ocean_post_title_bg_image_position":"","ocean_post_title_bg_image_attachment":"","ocean_post_title_bg_image_repeat":"","ocean_post_title_bg_image_size":"","ocean_post_title_height":0,"ocean_post_title_bg_overlay":0.5,"ocean_post_title_bg_overlay_color":"","ocean_disable_breadcrumbs":"default","ocean_breadcrumbs_color":"","ocean_breadcrumbs_separator_color":"","ocean_breadcrumbs_links_color":"","ocean_breadcrumbs_links_hover_color":"","ocean_display_footer_widgets":"default","ocean_display_footer_bottom":"default","ocean_custom_footer_template":"","footnotes":""},"class_list":["post-111","page","type-page","status-publish","hentry","entry"],"yoast_head":"<!-- This site is optimized with the Yoast SEO plugin v27.2 - https:\/\/yoast.com\/product\/yoast-seo-wordpress\/ -->\n<title>Spenden - Gabriele und Rainer Pfeiffer Stiftung<\/title>\n<meta name=\"robots\" content=\"index, follow, max-snippet:-1, max-image-preview:large, max-video-preview:-1\" \/>\n<link rel=\"canonical\" href=\"https:\/\/pfst.sowi-design.de\/index.php\/spenden\/\" \/>\n<meta property=\"og:locale\" content=\"de_DE\" \/>\n<meta property=\"og:type\" content=\"article\" \/>\n<meta property=\"og:title\" content=\"Spenden - Gabriele und Rainer Pfeiffer Stiftung\" \/>\n<meta property=\"og:description\" content=\"Spenden Wir freuen uns \u00fcber jede finanzielle Unterst\u00fctzung f\u00fcr unsere wichtigen Anliegen! Spendenkonto Bank Landesbank Baden-W\u00fcrttemberg\/Baden-W\u00fcrttembergische Bank IBAN DE32 6005 0101 0405 7900 56 BIC SOLADEST600 oder scannen Sie folgenden QR-Code einfach mit ihrer Banking-App. DE32 6005 0101 0405 790056\" \/>\n<meta property=\"og:url\" content=\"https:\/\/pfst.sowi-design.de\/index.php\/spenden\/\" \/>\n<meta property=\"og:site_name\" content=\"Gabriele und Rainer Pfeiffer Stiftung\" \/>\n<meta property=\"article:modified_time\" content=\"2025-06-03T14:42:36+00:00\" \/>\n<meta property=\"og:image\" content=\"https:\/\/pfst.sowi-design.de\/wp-content\/uploads\/2025\/05\/pfst_banking_qr-code-300x300.png\" \/>\n<meta name=\"twitter:card\" content=\"summary_large_image\" \/>\n<meta name=\"twitter:label1\" content=\"Gesch\u00e4tzte Lesezeit\" \/>\n\t<meta name=\"twitter:data1\" content=\"1\u00a0Minute\" \/>\n<script type=\"application\/ld+json\" class=\"yoast-schema-graph\">{\"@context\":\"https:\/\/schema.org\",\"@graph\":[{\"@type\":\"WebPage\",\"@id\":\"https:\/\/pfst.sowi-design.de\/index.php\/spenden\/\",\"url\":\"https:\/\/pfst.sowi-design.de\/index.php\/spenden\/\",\"name\":\"Spenden - Gabriele und Rainer Pfeiffer Stiftung\",\"isPartOf\":{\"@id\":\"https:\/\/pfst.sowi-design.de\/#website\"},\"primaryImageOfPage\":{\"@id\":\"https:\/\/pfst.sowi-design.de\/index.php\/spenden\/#primaryimage\"},\"image\":{\"@id\":\"https:\/\/pfst.sowi-design.de\/index.php\/spenden\/#primaryimage\"},\"thumbnailUrl\":\"https:\/\/pfst.sowi-design.de\/wp-content\/uploads\/2025\/05\/pfst_banking_qr-code-300x300.png\",\"datePublished\":\"2024-11-24T11:54:21+00:00\",\"dateModified\":\"2025-06-03T14:42:36+00:00\",\"breadcrumb\":{\"@id\":\"https:\/\/pfst.sowi-design.de\/index.php\/spenden\/#breadcrumb\"},\"inLanguage\":\"de\",\"potentialAction\":[{\"@type\":\"ReadAction\",\"target\":[\"https:\/\/pfst.sowi-design.de\/index.php\/spenden\/\"]}]},{\"@type\":\"ImageObject\",\"inLanguage\":\"de\",\"@id\":\"https:\/\/pfst.sowi-design.de\/index.php\/spenden\/#primaryimage\",\"url\":\"https:\/\/pfst.sowi-design.de\/wp-content\/uploads\/2025\/05\/pfst_banking_qr-code.png\",\"contentUrl\":\"https:\/\/pfst.sowi-design.de\/wp-content\/uploads\/2025\/05\/pfst_banking_qr-code.png\",\"width\":376,\"height\":376},{\"@type\":\"BreadcrumbList\",\"@id\":\"https:\/\/pfst.sowi-design.de\/index.php\/spenden\/#breadcrumb\",\"itemListElement\":[{\"@type\":\"ListItem\",\"position\":1,\"name\":\"Startseite\",\"item\":\"https:\/\/pfst.sowi-design.de\/\"},{\"@type\":\"ListItem\",\"position\":2,\"name\":\"Spenden\"}]},{\"@type\":\"WebSite\",\"@id\":\"https:\/\/pfst.sowi-design.de\/#website\",\"url\":\"https:\/\/pfst.sowi-design.de\/\",\"name\":\"Gabriele und Rainer Pfeiffer Stiftung\",\"description\":\"\",\"publisher\":{\"@id\":\"https:\/\/pfst.sowi-design.de\/#organization\"},\"potentialAction\":[{\"@type\":\"SearchAction\",\"target\":{\"@type\":\"EntryPoint\",\"urlTemplate\":\"https:\/\/pfst.sowi-design.de\/?s={search_term_string}\"},\"query-input\":{\"@type\":\"PropertyValueSpecification\",\"valueRequired\":true,\"valueName\":\"search_term_string\"}}],\"inLanguage\":\"de\"},{\"@type\":\"Organization\",\"@id\":\"https:\/\/pfst.sowi-design.de\/#organization\",\"name\":\"Gabriele und Rainer Pfeiffer Stiftung\",\"url\":\"https:\/\/pfst.sowi-design.de\/\",\"logo\":{\"@type\":\"ImageObject\",\"inLanguage\":\"de\",\"@id\":\"https:\/\/pfst.sowi-design.de\/#\/schema\/logo\/image\/\",\"url\":\"https:\/\/pfst.sowi-design.de\/wp-content\/uploads\/2024\/11\/pfst_Logo.png\",\"contentUrl\":\"https:\/\/pfst.sowi-design.de\/wp-content\/uploads\/2024\/11\/pfst_Logo.png\",\"width\":933,\"height\":267,\"caption\":\"Gabriele und Rainer Pfeiffer Stiftung\"},\"image\":{\"@id\":\"https:\/\/pfst.sowi-design.de\/#\/schema\/logo\/image\/\"}}]}<\/script>\n<!-- \/ Yoast SEO plugin. -->","yoast_head_json":{"title":"Spenden - Gabriele und Rainer Pfeiffer Stiftung","robots":{"index":"index","follow":"follow","max-snippet":"max-snippet:-1","max-image-preview":"max-image-preview:large","max-video-preview":"max-video-preview:-1"},"canonical":"https:\/\/pfst.sowi-design.de\/index.php\/spenden\/","og_locale":"de_DE","og_type":"article","og_title":"Spenden - Gabriele und Rainer Pfeiffer Stiftung","og_description":"Spenden Wir freuen uns \u00fcber jede finanzielle Unterst\u00fctzung f\u00fcr unsere wichtigen Anliegen! Spendenkonto Bank Landesbank Baden-W\u00fcrttemberg\/Baden-W\u00fcrttembergische Bank IBAN DE32 6005 0101 0405 7900 56 BIC SOLADEST600 oder scannen Sie folgenden QR-Code einfach mit ihrer Banking-App. DE32 6005 0101 0405 790056","og_url":"https:\/\/pfst.sowi-design.de\/index.php\/spenden\/","og_site_name":"Gabriele und Rainer Pfeiffer Stiftung","article_modified_time":"2025-06-03T14:42:36+00:00","og_image":[{"url":"https:\/\/pfst.sowi-design.de\/wp-content\/uploads\/2025\/05\/pfst_banking_qr-code-300x300.png","type":"","width":"","height":""}],"twitter_card":"summary_large_image","twitter_misc":{"Gesch\u00e4tzte Lesezeit":"1\u00a0Minute"},"schema":{"@context":"https:\/\/schema.org","@graph":[{"@type":"WebPage","@id":"https:\/\/pfst.sowi-design.de\/index.php\/spenden\/","url":"https:\/\/pfst.sowi-design.de\/index.php\/spenden\/","name":"Spenden - Gabriele und Rainer Pfeiffer Stiftung","isPartOf":{"@id":"https:\/\/pfst.sowi-design.de\/#website"},"primaryImageOfPage":{"@id":"https:\/\/pfst.sowi-design.de\/index.php\/spenden\/#primaryimage"},"image":{"@id":"https:\/\/pfst.sowi-design.de\/index.php\/spenden\/#primaryimage"},"thumbnailUrl":"https:\/\/pfst.sowi-design.de\/wp-content\/uploads\/2025\/05\/pfst_banking_qr-code-300x300.png","datePublished":"2024-11-24T11:54:21+00:00","dateModified":"2025-06-03T14:42:36+00:00","breadcrumb":{"@id":"https:\/\/pfst.sowi-design.de\/index.php\/spenden\/#breadcrumb"},"inLanguage":"de","potentialAction":[{"@type":"ReadAction","target":["https:\/\/pfst.sowi-design.de\/index.php\/spenden\/"]}]},{"@type":"ImageObject","inLanguage":"de","@id":"https:\/\/pfst.sowi-design.de\/index.php\/spenden\/#primaryimage","url":"https:\/\/pfst.sowi-design.de\/wp-content\/uploads\/2025\/05\/pfst_banking_qr-code.png","contentUrl":"https:\/\/pfst.sowi-design.de\/wp-content\/uploads\/2025\/05\/pfst_banking_qr-code.png","width":376,"height":376},{"@type":"BreadcrumbList","@id":"https:\/\/pfst.sowi-design.de\/index.php\/spenden\/#breadcrumb","itemListElement":[{"@type":"ListItem","position":1,"name":"Startseite","item":"https:\/\/pfst.sowi-design.de\/"},{"@type":"ListItem","position":2,"name":"Spenden"}]},{"@type":"WebSite","@id":"https:\/\/pfst.sowi-design.de\/#website","url":"https:\/\/pfst.sowi-design.de\/","name":"Gabriele und Rainer Pfeiffer Stiftung","description":"","publisher":{"@id":"https:\/\/pfst.sowi-design.de\/#organization"},"potentialAction":[{"@type":"SearchAction","target":{"@type":"EntryPoint","urlTemplate":"https:\/\/pfst.sowi-design.de\/?s={search_term_string}"},"query-input":{"@type":"PropertyValueSpecification","valueRequired":true,"valueName":"search_term_string"}}],"inLanguage":"de"},{"@type":"Organization","@id":"https:\/\/pfst.sowi-design.de\/#organization","name":"Gabriele und Rainer Pfeiffer Stiftung","url":"https:\/\/pfst.sowi-design.de\/","logo":{"@type":"ImageObject","inLanguage":"de","@id":"https:\/\/pfst.sowi-design.de\/#\/schema\/logo\/image\/","url":"https:\/\/pfst.sowi-design.de\/wp-content\/uploads\/2024\/11\/pfst_Logo.png","contentUrl":"https:\/\/pfst.sowi-design.de\/wp-content\/uploads\/2024\/11\/pfst_Logo.png","width":933,"height":267,"caption":"Gabriele und Rainer Pfeiffer Stiftung"},"image":{"@id":"https:\/\/pfst.sowi-design.de\/#\/schema\/logo\/image\/"}}]}},"_links":{"self":[{"href":"https:\/\/pfst.sowi-design.de\/index.php\/wp-json\/wp\/v2\/pages\/111","targetHints":{"allow":["GET"]}}],"collection":[{"href":"https:\/\/pfst.sowi-design.de\/index.php\/wp-json\/wp\/v2\/pages"}],"about":[{"href":"https:\/\/pfst.sowi-design.de\/index.php\/wp-json\/wp\/v2\/types\/page"}],"author":[{"embeddable":true,"href":"https:\/\/pfst.sowi-design.de\/index.php\/wp-json\/wp\/v2\/users\/1"}],"replies":[{"embeddable":true,"href":"https:\/\/pfst.sowi-design.de\/index.php\/wp-json\/wp\/v2\/comments?post=111"}],"version-history":[{"count":40,"href":"https:\/\/pfst.sowi-design.de\/index.php\/wp-json\/wp\/v2\/pages\/111\/revisions"}],"predecessor-version":[{"id":653,"href":"https:\/\/pfst.sowi-design.de\/index.php\/wp-json\/wp\/v2\/pages\/111\/revisions\/653"}],"wp:attachment":[{"href":"https:\/\/pfst.sowi-design.de\/index.php\/wp-json\/wp\/v2\/media?parent=111"}],"curies":[{"name":"wp","href":"https:\/\/api.w.org\/{rel}","templated":true}]}}