{"id":109,"date":"2024-11-24T12:54:12","date_gmt":"2024-11-24T11:54:12","guid":{"rendered":"http:\/\/pfeiffer.sowidesign.de\/?page_id=109"},"modified":"2025-03-11T10:32:49","modified_gmt":"2025-03-11T09:32:49","slug":"projekte","status":"publish","type":"page","link":"https:\/\/pfst.sowi-design.de\/index.php\/projekte\/","title":{"rendered":"Projekte"},"content":{"rendered":"\t\t<div data-elementor-type=\"wp-page\" data-elementor-id=\"109\" class=\"elementor elementor-109\">\n\t\t\t\t<div class=\"elementor-element elementor-element-a074d12 e-flex e-con-boxed e-con e-parent\" data-id=\"a074d12\" data-element_type=\"container\" data-e-type=\"container\">\n\t\t\t\t\t<div class=\"e-con-inner\">\n\t\t\t\t<div class=\"elementor-element elementor-element-ba92a78 elementor-widget elementor-widget-text-editor\" data-id=\"ba92a78\" data-element_type=\"widget\" data-e-type=\"widget\" data-widget_type=\"text-editor.default\">\n\t\t\t\t<div class=\"elementor-widget-container\">\n\t\t\t\t\t\t\t\t\t<h1>Projekte<\/h1><p>Die Gabriele und Rainer Pfeiffer Stiftung f\u00f6rdert Projekte in den Bereichen Kinder-und Jugendhilfe (gem. \u00a752 Abs. 2 Satz 1 Nr. 4 AO) sowie Bildung und Erziehung (gem. \u00a752 Abs. 2 Satz 1 Nr. 7 AO).<\/p><p>Daneben unterst\u00fctzt die Stiftung Menschen, die aufgrund ihrer wirtschaftlichen Verh\u00e4ltnisse oder ihres k\u00f6rperlichen, geistigen oder seelischen Zustands hilfsbed\u00fcrftig sind (gem. \u00a753 AO). <\/p>\t\t\t\t\t\t\t\t<\/div>\n\t\t\t\t<\/div>\n\t\t\t\t\t<\/div>\n\t\t\t\t<\/div>\n\t\t<div class=\"elementor-element elementor-element-676f0a8 e-flex e-con-boxed e-con e-parent\" data-id=\"676f0a8\" data-element_type=\"container\" data-e-type=\"container\" data-settings=\"{&quot;background_background&quot;:&quot;classic&quot;}\">\n\t\t\t\t\t<div class=\"e-con-inner\">\n\t\t\t\t<div class=\"elementor-element elementor-element-5d29dd0 elementor-grid-2 elementor-grid-tablet-2 elementor-grid-mobile-1 elementor-widget elementor-widget-elementor-blog-posts\" data-id=\"5d29dd0\" data-element_type=\"widget\" data-e-type=\"widget\" data-settings=\"{&quot;columns&quot;:&quot;2&quot;,&quot;columns_tablet&quot;:&quot;2&quot;,&quot;columns_mobile&quot;:&quot;1&quot;}\" data-widget_type=\"elementor-blog-posts.default\">\n\t\t\t\t<div class=\"elementor-widget-container\">\n\t\t\t\t\t\t\t<div class=\"wpcap-grid\">\n\t\t\t\t\t\t<div class=\"wpcap-grid-container elementor-grid wpcap-grid-desktop-2 wpcap-grid-tablet-2 wpcap-grid-mobile-1\">\n\n\t\t\t\t\n        <article id=\"post-151\" class=\"wpcap-post post-151 post type-post status-publish format-standard has-post-thumbnail hentry category-allgemein entry has-media\">\n         \n            <div class=\"post-grid-inner\">\n            \t\n            \t\t\t\t<div class=\"post-grid-thumbnail\">\n\t\t\t\t<a href=\"https:\/\/pfst.sowi-design.de\/index.php\/2024\/11\/24\/indien\/\">\n\t\t\t\t\t<img fetchpriority=\"high\" decoding=\"async\" width=\"660\" height=\"480\" src=\"https:\/\/pfst.sowi-design.de\/wp-content\/uploads\/2024\/11\/MJCOE_korr2-e1732453450278.jpg\" class=\"attachment-full size-full wp-post-image\" alt=\"\" srcset=\"https:\/\/pfst.sowi-design.de\/wp-content\/uploads\/2024\/11\/MJCOE_korr2-e1732453450278.jpg 660w, https:\/\/pfst.sowi-design.de\/wp-content\/uploads\/2024\/11\/MJCOE_korr2-e1732453450278-300x218.jpg 300w\" sizes=\"(max-width: 660px) 100vw, 660px\" \/>\t\t\t\t<\/a>\n\t\t\t<\/div>\n        \n                <div class=\"post-grid-text-wrap\">\n               \t\t\t\t<h3 class=\"title\">\n\t\t\t<a href=\"https:\/\/pfst.sowi-design.de\/index.php\/2024\/11\/24\/indien\/\">Bildung und Unterkunft f\u00fcr M\u00e4dchen in Indien<\/a>\n\t\t<\/h3>\n\t\t\t                \t                \t                                <\/div>\n\n            <\/div><!-- .blog-inner -->\n           \n        <\/article>\n\n        \n        <article id=\"post-147\" class=\"wpcap-post post-147 post type-post status-publish format-standard has-post-thumbnail hentry category-allgemein entry has-media\">\n         \n            <div class=\"post-grid-inner\">\n            \t\n            \t\t\t\t<div class=\"post-grid-thumbnail\">\n\t\t\t\t<a href=\"https:\/\/pfst.sowi-design.de\/index.php\/2024\/11\/24\/kinderzentrum-esslingen\/\">\n\t\t\t\t\t<img decoding=\"async\" width=\"660\" height=\"480\" src=\"https:\/\/pfst.sowi-design.de\/wp-content\/uploads\/2024\/11\/Kinder_Schule_Hausaufgaben_AdobeStock_279763140-e1732453655786.jpeg\" class=\"attachment-full size-full wp-post-image\" alt=\"\" srcset=\"https:\/\/pfst.sowi-design.de\/wp-content\/uploads\/2024\/11\/Kinder_Schule_Hausaufgaben_AdobeStock_279763140-e1732453655786.jpeg 660w, https:\/\/pfst.sowi-design.de\/wp-content\/uploads\/2024\/11\/Kinder_Schule_Hausaufgaben_AdobeStock_279763140-e1732453655786-300x218.jpeg 300w\" sizes=\"(max-width: 660px) 100vw, 660px\" \/>\t\t\t\t<\/a>\n\t\t\t<\/div>\n        \n                <div class=\"post-grid-text-wrap\">\n               \t\t\t\t<h3 class=\"title\">\n\t\t\t<a href=\"https:\/\/pfst.sowi-design.de\/index.php\/2024\/11\/24\/kinderzentrum-esslingen\/\">Spielfahrzeuge, Tanz- und Schwimmkurse f\u00fcr Grundsch\u00fclerinnen und Grundsch\u00fcler<\/a>\n\t\t<\/h3>\n\t\t\t                \t                \t                                <\/div>\n\n            <\/div><!-- .blog-inner -->\n           \n        <\/article>\n\n        \n        <article id=\"post-149\" class=\"wpcap-post post-149 post type-post status-publish format-standard has-post-thumbnail hentry category-allgemein entry has-media\">\n         \n            <div class=\"post-grid-inner\">\n            \t\n            \t\t\t\t<div class=\"post-grid-thumbnail\">\n\t\t\t\t<a href=\"https:\/\/pfst.sowi-design.de\/index.php\/2024\/11\/24\/hey-alter\/\">\n\t\t\t\t\t<img decoding=\"async\" width=\"660\" height=\"479\" src=\"https:\/\/pfst.sowi-design.de\/wp-content\/uploads\/2024\/11\/books-2048x647-1-e1732453533304.jpg\" class=\"attachment-full size-full wp-post-image\" alt=\"\" srcset=\"https:\/\/pfst.sowi-design.de\/wp-content\/uploads\/2024\/11\/books-2048x647-1-e1732453533304.jpg 660w, https:\/\/pfst.sowi-design.de\/wp-content\/uploads\/2024\/11\/books-2048x647-1-e1732453533304-300x218.jpg 300w\" sizes=\"(max-width: 660px) 100vw, 660px\" \/>\t\t\t\t<\/a>\n\t\t\t<\/div>\n        \n                <div class=\"post-grid-text-wrap\">\n               \t\t\t\t<h3 class=\"title\">\n\t\t\t<a href=\"https:\/\/pfst.sowi-design.de\/index.php\/2024\/11\/24\/hey-alter\/\">Wiederaufbereitete Laptops f\u00fcr Kinder und Jugendliche<\/a>\n\t\t<\/h3>\n\t\t\t                \t                \t                                <\/div>\n\n            <\/div><!-- .blog-inner -->\n           \n        <\/article>\n\n        \n        <article id=\"post-153\" class=\"wpcap-post post-153 post type-post status-publish format-standard has-post-thumbnail hentry category-allgemein entry has-media\">\n         \n            <div class=\"post-grid-inner\">\n            \t\n            \t\t\t\t<div class=\"post-grid-thumbnail\">\n\t\t\t\t<a href=\"https:\/\/pfst.sowi-design.de\/index.php\/2024\/11\/24\/ballettschule\/\">\n\t\t\t\t\t<img loading=\"lazy\" decoding=\"async\" width=\"660\" height=\"480\" src=\"https:\/\/pfst.sowi-design.de\/wp-content\/uploads\/2024\/12\/ballet_thumb.jpeg\" class=\"attachment-full size-full wp-post-image\" alt=\"\" srcset=\"https:\/\/pfst.sowi-design.de\/wp-content\/uploads\/2024\/12\/ballet_thumb.jpeg 660w, https:\/\/pfst.sowi-design.de\/wp-content\/uploads\/2024\/12\/ballet_thumb-300x218.jpeg 300w\" sizes=\"(max-width: 660px) 100vw, 660px\" \/>\t\t\t\t<\/a>\n\t\t\t<\/div>\n        \n                <div class=\"post-grid-text-wrap\">\n               \t\t\t\t<h3 class=\"title\">\n\t\t\t<a href=\"https:\/\/pfst.sowi-design.de\/index.php\/2024\/11\/24\/ballettschule\/\">Unterst\u00fctzung f\u00fcr Ballettsch\u00fclerinnen<\/a>\n\t\t<\/h3>\n\t\t\t                \t                \t                                <\/div>\n\n            <\/div><!-- .blog-inner -->\n           \n        <\/article>\n\n        \n\t\t\t<\/div>\n\t\t<\/div>\n\t\t\t\t\t\t<\/div>\n\t\t\t\t<\/div>\n\t\t\t\t\t<\/div>\n\t\t\t\t<\/div>\n\t\t\t\t<\/div>\n\t\t","protected":false},"excerpt":{"rendered":"<p>Projekte Die Gabriele und Rainer Pfeiffer Stiftung f\u00f6rdert Projekte in den Bereichen Kinder-und Jugendhilfe (gem. \u00a752 Abs. 2 Satz 1 Nr. 4 AO) sowie Bildung und Erziehung (gem. \u00a752 Abs. 2 Satz 1 Nr. 7 AO). Daneben unterst\u00fctzt die Stiftung Menschen, die aufgrund ihrer wirtschaftlichen Verh\u00e4ltnisse oder ihres k\u00f6rperlichen, geistigen oder seelischen Zustands hilfsbed\u00fcrftig sind [&hellip;]<\/p>\n","protected":false},"author":1,"featured_media":0,"parent":0,"menu_order":2,"comment_status":"closed","ping_status":"closed","template":"","meta":{"ocean_post_layout":"","ocean_both_sidebars_style":"","ocean_both_sidebars_content_width":0,"ocean_both_sidebars_sidebars_width":0,"ocean_sidebar":"","ocean_second_sidebar":"","ocean_disable_margins":"enable","ocean_add_body_class":"","ocean_shortcode_before_top_bar":"","ocean_shortcode_after_top_bar":"","ocean_shortcode_before_header":"","ocean_shortcode_after_header":"","ocean_has_shortcode":"","ocean_shortcode_after_title":"","ocean_shortcode_before_footer_widgets":"","ocean_shortcode_after_footer_widgets":"","ocean_shortcode_before_footer_bottom":"","ocean_shortcode_after_footer_bottom":"","ocean_display_top_bar":"default","ocean_display_header":"default","ocean_header_style":"","ocean_center_header_left_menu":"","ocean_custom_header_template":"","ocean_custom_logo":0,"ocean_custom_retina_logo":0,"ocean_custom_logo_max_width":0,"ocean_custom_logo_tablet_max_width":0,"ocean_custom_logo_mobile_max_width":0,"ocean_custom_logo_max_height":0,"ocean_custom_logo_tablet_max_height":0,"ocean_custom_logo_mobile_max_height":0,"ocean_header_custom_menu":"","ocean_menu_typo_font_family":"","ocean_menu_typo_font_subset":"","ocean_menu_typo_font_size":0,"ocean_menu_typo_font_size_tablet":0,"ocean_menu_typo_font_size_mobile":0,"ocean_menu_typo_font_size_unit":"px","ocean_menu_typo_font_weight":"","ocean_menu_typo_font_weight_tablet":"","ocean_menu_typo_font_weight_mobile":"","ocean_menu_typo_transform":"","ocean_menu_typo_transform_tablet":"","ocean_menu_typo_transform_mobile":"","ocean_menu_typo_line_height":0,"ocean_menu_typo_line_height_tablet":0,"ocean_menu_typo_line_height_mobile":0,"ocean_menu_typo_line_height_unit":"","ocean_menu_typo_spacing":0,"ocean_menu_typo_spacing_tablet":0,"ocean_menu_typo_spacing_mobile":0,"ocean_menu_typo_spacing_unit":"","ocean_menu_link_color":"","ocean_menu_link_color_hover":"","ocean_menu_link_color_active":"","ocean_menu_link_background":"","ocean_menu_link_hover_background":"","ocean_menu_link_active_background":"","ocean_menu_social_links_bg":"","ocean_menu_social_hover_links_bg":"","ocean_menu_social_links_color":"","ocean_menu_social_hover_links_color":"","ocean_disable_title":"default","ocean_disable_heading":"default","ocean_post_title":"","ocean_post_subheading":"","ocean_post_title_style":"","ocean_post_title_background_color":"","ocean_post_title_background":0,"ocean_post_title_bg_image_position":"","ocean_post_title_bg_image_attachment":"","ocean_post_title_bg_image_repeat":"","ocean_post_title_bg_image_size":"","ocean_post_title_height":0,"ocean_post_title_bg_overlay":0.5,"ocean_post_title_bg_overlay_color":"","ocean_disable_breadcrumbs":"default","ocean_breadcrumbs_color":"","ocean_breadcrumbs_separator_color":"","ocean_breadcrumbs_links_color":"","ocean_breadcrumbs_links_hover_color":"","ocean_display_footer_widgets":"default","ocean_display_footer_bottom":"default","ocean_custom_footer_template":"","footnotes":""},"class_list":["post-109","page","type-page","status-publish","hentry","entry","has-media"],"yoast_head":"<!-- This site is optimized with the Yoast SEO plugin v27.2 - https:\/\/yoast.com\/product\/yoast-seo-wordpress\/ -->\n<title>Projekte - Gabriele und Rainer Pfeiffer Stiftung<\/title>\n<meta name=\"robots\" content=\"index, follow, max-snippet:-1, max-image-preview:large, max-video-preview:-1\" \/>\n<link rel=\"canonical\" href=\"https:\/\/pfst.sowi-design.de\/index.php\/projekte\/\" \/>\n<meta property=\"og:locale\" content=\"de_DE\" \/>\n<meta property=\"og:type\" content=\"article\" \/>\n<meta property=\"og:title\" content=\"Projekte - Gabriele und Rainer Pfeiffer Stiftung\" \/>\n<meta property=\"og:description\" content=\"Projekte Die Gabriele und Rainer Pfeiffer Stiftung f\u00f6rdert Projekte in den Bereichen Kinder-und Jugendhilfe (gem. \u00a752 Abs. 2 Satz 1 Nr. 4 AO) sowie Bildung und Erziehung (gem. \u00a752 Abs. 2 Satz 1 Nr. 7 AO). Daneben unterst\u00fctzt die Stiftung Menschen, die aufgrund ihrer wirtschaftlichen Verh\u00e4ltnisse oder ihres k\u00f6rperlichen, geistigen oder seelischen Zustands hilfsbed\u00fcrftig sind [&hellip;]\" \/>\n<meta property=\"og:url\" content=\"https:\/\/pfst.sowi-design.de\/index.php\/projekte\/\" \/>\n<meta property=\"og:site_name\" content=\"Gabriele und Rainer Pfeiffer Stiftung\" \/>\n<meta property=\"article:modified_time\" content=\"2025-03-11T09:32:49+00:00\" \/>\n<meta property=\"og:image\" content=\"https:\/\/pfst.sowi-design.de\/wp-content\/uploads\/2024\/11\/MJCOE_korr2-e1732453450278.jpg\" \/>\n<meta name=\"twitter:card\" content=\"summary_large_image\" \/>\n<script type=\"application\/ld+json\" class=\"yoast-schema-graph\">{\"@context\":\"https:\/\/schema.org\",\"@graph\":[{\"@type\":\"WebPage\",\"@id\":\"https:\/\/pfst.sowi-design.de\/index.php\/projekte\/\",\"url\":\"https:\/\/pfst.sowi-design.de\/index.php\/projekte\/\",\"name\":\"Projekte - Gabriele und Rainer Pfeiffer Stiftung\",\"isPartOf\":{\"@id\":\"https:\/\/pfst.sowi-design.de\/#website\"},\"primaryImageOfPage\":{\"@id\":\"https:\/\/pfst.sowi-design.de\/index.php\/projekte\/#primaryimage\"},\"image\":{\"@id\":\"https:\/\/pfst.sowi-design.de\/index.php\/projekte\/#primaryimage\"},\"thumbnailUrl\":\"https:\/\/pfst.sowi-design.de\/wp-content\/uploads\/2024\/11\/MJCOE_korr2-e1732453450278.jpg\",\"datePublished\":\"2024-11-24T11:54:12+00:00\",\"dateModified\":\"2025-03-11T09:32:49+00:00\",\"breadcrumb\":{\"@id\":\"https:\/\/pfst.sowi-design.de\/index.php\/projekte\/#breadcrumb\"},\"inLanguage\":\"de\",\"potentialAction\":[{\"@type\":\"ReadAction\",\"target\":[\"https:\/\/pfst.sowi-design.de\/index.php\/projekte\/\"]}]},{\"@type\":\"ImageObject\",\"inLanguage\":\"de\",\"@id\":\"https:\/\/pfst.sowi-design.de\/index.php\/projekte\/#primaryimage\",\"url\":\"https:\/\/pfst.sowi-design.de\/wp-content\/uploads\/2024\/11\/MJCOE_korr2-e1732453450278.jpg\",\"contentUrl\":\"https:\/\/pfst.sowi-design.de\/wp-content\/uploads\/2024\/11\/MJCOE_korr2-e1732453450278.jpg\"},{\"@type\":\"BreadcrumbList\",\"@id\":\"https:\/\/pfst.sowi-design.de\/index.php\/projekte\/#breadcrumb\",\"itemListElement\":[{\"@type\":\"ListItem\",\"position\":1,\"name\":\"Startseite\",\"item\":\"https:\/\/pfst.sowi-design.de\/\"},{\"@type\":\"ListItem\",\"position\":2,\"name\":\"Projekte\"}]},{\"@type\":\"WebSite\",\"@id\":\"https:\/\/pfst.sowi-design.de\/#website\",\"url\":\"https:\/\/pfst.sowi-design.de\/\",\"name\":\"Gabriele und Rainer Pfeiffer Stiftung\",\"description\":\"\",\"publisher\":{\"@id\":\"https:\/\/pfst.sowi-design.de\/#organization\"},\"potentialAction\":[{\"@type\":\"SearchAction\",\"target\":{\"@type\":\"EntryPoint\",\"urlTemplate\":\"https:\/\/pfst.sowi-design.de\/?s={search_term_string}\"},\"query-input\":{\"@type\":\"PropertyValueSpecification\",\"valueRequired\":true,\"valueName\":\"search_term_string\"}}],\"inLanguage\":\"de\"},{\"@type\":\"Organization\",\"@id\":\"https:\/\/pfst.sowi-design.de\/#organization\",\"name\":\"Gabriele und Rainer Pfeiffer Stiftung\",\"url\":\"https:\/\/pfst.sowi-design.de\/\",\"logo\":{\"@type\":\"ImageObject\",\"inLanguage\":\"de\",\"@id\":\"https:\/\/pfst.sowi-design.de\/#\/schema\/logo\/image\/\",\"url\":\"https:\/\/pfst.sowi-design.de\/wp-content\/uploads\/2024\/11\/pfst_Logo.png\",\"contentUrl\":\"https:\/\/pfst.sowi-design.de\/wp-content\/uploads\/2024\/11\/pfst_Logo.png\",\"width\":933,\"height\":267,\"caption\":\"Gabriele und Rainer Pfeiffer Stiftung\"},\"image\":{\"@id\":\"https:\/\/pfst.sowi-design.de\/#\/schema\/logo\/image\/\"}}]}<\/script>\n<!-- \/ Yoast SEO plugin. -->","yoast_head_json":{"title":"Projekte - Gabriele und Rainer Pfeiffer Stiftung","robots":{"index":"index","follow":"follow","max-snippet":"max-snippet:-1","max-image-preview":"max-image-preview:large","max-video-preview":"max-video-preview:-1"},"canonical":"https:\/\/pfst.sowi-design.de\/index.php\/projekte\/","og_locale":"de_DE","og_type":"article","og_title":"Projekte - Gabriele und Rainer Pfeiffer Stiftung","og_description":"Projekte Die Gabriele und Rainer Pfeiffer Stiftung f\u00f6rdert Projekte in den Bereichen Kinder-und Jugendhilfe (gem. \u00a752 Abs. 2 Satz 1 Nr. 4 AO) sowie Bildung und Erziehung (gem. \u00a752 Abs. 2 Satz 1 Nr. 7 AO). Daneben unterst\u00fctzt die Stiftung Menschen, die aufgrund ihrer wirtschaftlichen Verh\u00e4ltnisse oder ihres k\u00f6rperlichen, geistigen oder seelischen Zustands hilfsbed\u00fcrftig sind [&hellip;]","og_url":"https:\/\/pfst.sowi-design.de\/index.php\/projekte\/","og_site_name":"Gabriele und Rainer Pfeiffer Stiftung","article_modified_time":"2025-03-11T09:32:49+00:00","og_image":[{"url":"https:\/\/pfst.sowi-design.de\/wp-content\/uploads\/2024\/11\/MJCOE_korr2-e1732453450278.jpg","type":"","width":"","height":""}],"twitter_card":"summary_large_image","schema":{"@context":"https:\/\/schema.org","@graph":[{"@type":"WebPage","@id":"https:\/\/pfst.sowi-design.de\/index.php\/projekte\/","url":"https:\/\/pfst.sowi-design.de\/index.php\/projekte\/","name":"Projekte - Gabriele und Rainer Pfeiffer Stiftung","isPartOf":{"@id":"https:\/\/pfst.sowi-design.de\/#website"},"primaryImageOfPage":{"@id":"https:\/\/pfst.sowi-design.de\/index.php\/projekte\/#primaryimage"},"image":{"@id":"https:\/\/pfst.sowi-design.de\/index.php\/projekte\/#primaryimage"},"thumbnailUrl":"https:\/\/pfst.sowi-design.de\/wp-content\/uploads\/2024\/11\/MJCOE_korr2-e1732453450278.jpg","datePublished":"2024-11-24T11:54:12+00:00","dateModified":"2025-03-11T09:32:49+00:00","breadcrumb":{"@id":"https:\/\/pfst.sowi-design.de\/index.php\/projekte\/#breadcrumb"},"inLanguage":"de","potentialAction":[{"@type":"ReadAction","target":["https:\/\/pfst.sowi-design.de\/index.php\/projekte\/"]}]},{"@type":"ImageObject","inLanguage":"de","@id":"https:\/\/pfst.sowi-design.de\/index.php\/projekte\/#primaryimage","url":"https:\/\/pfst.sowi-design.de\/wp-content\/uploads\/2024\/11\/MJCOE_korr2-e1732453450278.jpg","contentUrl":"https:\/\/pfst.sowi-design.de\/wp-content\/uploads\/2024\/11\/MJCOE_korr2-e1732453450278.jpg"},{"@type":"BreadcrumbList","@id":"https:\/\/pfst.sowi-design.de\/index.php\/projekte\/#breadcrumb","itemListElement":[{"@type":"ListItem","position":1,"name":"Startseite","item":"https:\/\/pfst.sowi-design.de\/"},{"@type":"ListItem","position":2,"name":"Projekte"}]},{"@type":"WebSite","@id":"https:\/\/pfst.sowi-design.de\/#website","url":"https:\/\/pfst.sowi-design.de\/","name":"Gabriele und Rainer Pfeiffer Stiftung","description":"","publisher":{"@id":"https:\/\/pfst.sowi-design.de\/#organization"},"potentialAction":[{"@type":"SearchAction","target":{"@type":"EntryPoint","urlTemplate":"https:\/\/pfst.sowi-design.de\/?s={search_term_string}"},"query-input":{"@type":"PropertyValueSpecification","valueRequired":true,"valueName":"search_term_string"}}],"inLanguage":"de"},{"@type":"Organization","@id":"https:\/\/pfst.sowi-design.de\/#organization","name":"Gabriele und Rainer Pfeiffer Stiftung","url":"https:\/\/pfst.sowi-design.de\/","logo":{"@type":"ImageObject","inLanguage":"de","@id":"https:\/\/pfst.sowi-design.de\/#\/schema\/logo\/image\/","url":"https:\/\/pfst.sowi-design.de\/wp-content\/uploads\/2024\/11\/pfst_Logo.png","contentUrl":"https:\/\/pfst.sowi-design.de\/wp-content\/uploads\/2024\/11\/pfst_Logo.png","width":933,"height":267,"caption":"Gabriele und Rainer Pfeiffer Stiftung"},"image":{"@id":"https:\/\/pfst.sowi-design.de\/#\/schema\/logo\/image\/"}}]}},"_links":{"self":[{"href":"https:\/\/pfst.sowi-design.de\/index.php\/wp-json\/wp\/v2\/pages\/109","targetHints":{"allow":["GET"]}}],"collection":[{"href":"https:\/\/pfst.sowi-design.de\/index.php\/wp-json\/wp\/v2\/pages"}],"about":[{"href":"https:\/\/pfst.sowi-design.de\/index.php\/wp-json\/wp\/v2\/types\/page"}],"author":[{"embeddable":true,"href":"https:\/\/pfst.sowi-design.de\/index.php\/wp-json\/wp\/v2\/users\/1"}],"replies":[{"embeddable":true,"href":"https:\/\/pfst.sowi-design.de\/index.php\/wp-json\/wp\/v2\/comments?post=109"}],"version-history":[{"count":67,"href":"https:\/\/pfst.sowi-design.de\/index.php\/wp-json\/wp\/v2\/pages\/109\/revisions"}],"predecessor-version":[{"id":589,"href":"https:\/\/pfst.sowi-design.de\/index.php\/wp-json\/wp\/v2\/pages\/109\/revisions\/589"}],"wp:attachment":[{"href":"https:\/\/pfst.sowi-design.de\/index.php\/wp-json\/wp\/v2\/media?parent=109"}],"curies":[{"name":"wp","href":"https:\/\/api.w.org\/{rel}","templated":true}]}}